{"id":4514,"date":"2024-10-24T21:37:01","date_gmt":"2024-10-24T21:37:01","guid":{"rendered":"https:\/\/playeatlas.com\/?page_id=4514"},"modified":"2025-11-12T22:03:35","modified_gmt":"2025-11-12T22:03:35","slug":"playyourtown","status":"publish","type":"page","link":"https:\/\/playeatlas.com\/es\/juegatuciudad\/","title":{"rendered":"\u00a1JUEGA!TuCiudad"},"content":{"rendered":"<figure class=\"wp-block-image\"><img decoding=\"async\" src=\"https:\/\/playeatlas.com\/wp-content\/uploads\/2024\/11\/PlayYourTown_Banner-eATLAS_Gameboard-scaled.jpg\" alt=\"\"\/><\/figure>\n\n\n\n<div class=\"play_your_town_first_mobile_container\">\n        <div class=\"play_your_town_first_mobile_header\">\n           <p> Convierte tu plaza en un lugar especial  <br> En A <span class=\"play_your_town_first_mobile_highlight\">\u00a1Destino!<\/span>\n<\/p>\n            <div class=\"play_your_town_first_mobile_button-container\">\n                <button type=\"button\" class=\"play_your_town_first_mobile_btn_eatlas\">\n                    <a href=\"https:\/\/playeatlas.com\/wp-content\/uploads\/2025\/11\/Macombopoly-One-Sheet-1.pdf\">Haga clic para obtener m\u00e1s informaci\u00f3n<\/a>\n                <\/button>\n            <\/div>\n        <\/div>\n        <div class=\"play_your_town_first_mobile_content\">\n            <div class=\"play_your_town_first_mobile_section\">\n                <div class=\"play_your_town_first_mobile_image-container\">\n                    <img decoding=\"async\" src=\"https:\/\/development.playeatlas.com\/wp-content\/uploads\/2025\/02\/MobilPhone.png\" alt=\"Juego para m\u00f3viles\">\n                <\/div>\n            <\/div>\n            <div class=\"play_your_town_first_mobile_text-section\">\n                <div class=\"play_your_town_first_mobile_list\">\n                    <ul>\n                        \n                        <li>\u00a1La plaza de tu ciudad es el tablero de juego!<\/li>\n                        <li>Los jugadores tiran los dados y caminan por los espacios, observando negocios, lugares de inter\u00e9s y arte local.<\/li>\n                        <li>\n  <a href=\"https:\/\/playeatlas.com\/wp-content\/uploads\/2025\/11\/Macombopoly-One-Sheet-1.pdf\" target=\"_blank\" rel=\"noopener noreferrer\" class=\"simple-link\" style=\"color: inherit;\">\n    \u00a1Descubre c\u00f3mo una ciudad gan\u00f3 500.000 visitantes en un a\u00f1o! \n\n    \n  <\/a>\n<\/li>\n  \n\n                        \n                    <\/ul>\n                <\/div>\n            <\/div>\n        <\/div>\n    <\/div>\n\n\n\n<div class=\"play_your_town_container\">\n        <div class=\"play_your_town_image-container\">\n            <img decoding=\"async\" src=\"https:\/\/development.playeatlas.com\/wp-content\/uploads\/2025\/02\/PlayYourTown_FinalLogo-Wht_Outline.png\" alt=\"Juega a YourTown\">\n        <\/div>\n        <div class=\"play_your_town_lists\">\n            <div class=\"play_your_town_list\">\n                <ul>\n                    <li>Participaci\u00f3n de las empresas locales<\/li>\n                    <li>Integraci\u00f3n de redes sociales<\/li>\n                <\/ul>\n            <\/div>\n            <div class=\"play_your_town_list\">\n                <ul>\n                    <li>Mapa interactivo<\/li>\n                    <li>Seguimiento de la clasificaci\u00f3n<\/li>\n                    <li>Contenido educativo<\/li>\n                <\/ul>\n            <\/div>\n        <\/div>\n    <\/div>\n\n\n\n<div style=\"margin: 20px\">\n    <div style=\"width:100%; display:flex; flex-wrap:wrap; justify-content:center; gap:20px; align-items:center;margin-bottom:40px\">\n        <h1 style=\"width:100%;text-align:center;margin:20px 0; text-transform: uppercase;font-weight: bold;color: #eb406a; cursor: pointer;\" id=\"watch-demo\">Mira la demostraci\u00f3n<\/h1>\n\n        <article style=\"width:45%; min-width:280px;max-width:450px; display:flex; justify-content:flex-end;margin:20px 0\">\n           <video style=\"width:100%; height:auto;\" controls=\"\" preload=\"metadata\" id=\"demo-video\">\n\n                <source src=\"https:\/\/playeatlas.com\/wp-content\/uploads\/2024\/10\/PYT_10_11_2024.mp4#t=0.1\" type=\"video\/mp4\">\n            <\/video> \n        <\/article>  \n    <\/div>\n    <div style=\"width:100%;display:flex;justify-content:center;margin:40px 0\">\n    <button type=\"button\" class=\"btn btn_eatlas play_your_town_connect_btn\"><a href=\"https:\/\/share.hsforms.com\/1amOLD6g1SAiMGl8Ur5B6UAc8f6u\">Con\u00e9ctate con nosotros<\/a><\/button>\n    <\/div>\n\n    <\/div>\n\n<script>\n    document.getElementById('watch-demo').addEventListener('click', function() {\n        const video = document.getElementById('demo-video');\n        video.play(); \n        const offset = video.getBoundingClientRect().top + window.scrollY - 100;\n        window.scrollTo({ top: offset, behavior: 'smooth' });\n    });\n<\/script>\n\n\n\n<div class=\"wp-block-group\"><div class=\"wp-block-group__inner-container is-layout-constrained wp-block-group-is-layout-constrained\"><div class=\"wp-block-image\">\n<figure class=\"aligncenter size-large\"><img loading=\"lazy\" decoding=\"async\" width=\"1024\" height=\"576\" src=\"https:\/\/playeatlas.com\/wp-content\/uploads\/2024\/11\/Collage_Image-1024x576.jpg\" alt=\"\" class=\"wp-image-4963\" srcset=\"https:\/\/playeatlas.com\/wp-content\/uploads\/2024\/11\/Collage_Image-1024x576.jpg 1024w, https:\/\/playeatlas.com\/wp-content\/uploads\/2024\/11\/Collage_Image-300x169.jpg 300w, https:\/\/playeatlas.com\/wp-content\/uploads\/2024\/11\/Collage_Image-768x432.jpg 768w, https:\/\/playeatlas.com\/wp-content\/uploads\/2024\/11\/Collage_Image-1536x865.jpg 1536w, https:\/\/playeatlas.com\/wp-content\/uploads\/2024\/11\/Collage_Image-2048x1153.jpg 2048w, https:\/\/playeatlas.com\/wp-content\/uploads\/2024\/11\/Collage_Image-18x10.jpg 18w\" sizes=\"(max-width: 1024px) 100vw, 1024px\" \/><\/figure><\/div><\/div><\/div>","protected":false},"excerpt":{"rendered":"<p>Turn Your Town Square Into A Destination! Click to learn more Your town square is the gameboard! Players roll the dice and walk around the spaces, checking out business, landmarks, and local art. Learn how a town gained 500,000 visitors in a year! Local Business Engagement Social Media Integration Interactive Map Leaderboard Tracking Educational Content [&hellip;]<\/p>\n","protected":false},"author":990017,"featured_media":0,"parent":0,"menu_order":0,"comment_status":"closed","ping_status":"closed","template":"","meta":{"footnotes":""},"class_list":["post-4514","page","type-page","status-publish","hentry"],"yoast_head":"<!-- This site is optimized with the Yoast SEO plugin v25.6 - https:\/\/yoast.com\/wordpress\/plugins\/seo\/ -->\n<title>PLAY!YourTown - eAtlas<\/title>\n<meta name=\"robots\" content=\"index, follow, max-snippet:-1, max-image-preview:large, max-video-preview:-1\" \/>\n<link rel=\"canonical\" href=\"https:\/\/playeatlas.com\/es\/juegatuciudad\/\" \/>\n<meta property=\"og:locale\" content=\"es_MX\" \/>\n<meta property=\"og:type\" content=\"article\" \/>\n<meta property=\"og:title\" content=\"PLAY!YourTown - eAtlas\" \/>\n<meta property=\"og:description\" content=\"Turn Your Town Square Into A Destination! Click to learn more Your town square is the gameboard! Players roll the dice and walk around the spaces, checking out business, landmarks, and local art. Learn how a town gained 500,000 visitors in a year! Local Business Engagement Social Media Integration Interactive Map Leaderboard Tracking Educational Content [&hellip;]\" \/>\n<meta property=\"og:url\" content=\"https:\/\/playeatlas.com\/es\/juegatuciudad\/\" \/>\n<meta property=\"og:site_name\" content=\"eAtlas\" \/>\n<meta property=\"article:modified_time\" content=\"2025-11-12T22:03:35+00:00\" \/>\n<meta property=\"og:image\" content=\"https:\/\/playeatlas.com\/wp-content\/uploads\/2024\/11\/PlayYourTown_Banner-eATLAS_Gameboard-scaled.jpg\" \/>\n<meta name=\"twitter:card\" content=\"summary_large_image\" \/>\n<meta name=\"twitter:label1\" content=\"Tiempo de lectura\" \/>\n\t<meta name=\"twitter:data1\" content=\"2 minutos\" \/>\n<script type=\"application\/ld+json\" class=\"yoast-schema-graph\">{\"@context\":\"https:\/\/schema.org\",\"@graph\":[{\"@type\":\"WebPage\",\"@id\":\"https:\/\/playeatlas.com\/playyourtown\/\",\"url\":\"https:\/\/playeatlas.com\/playyourtown\/\",\"name\":\"PLAY!YourTown - eAtlas\",\"isPartOf\":{\"@id\":\"https:\/\/playeatlas.com\/#website\"},\"primaryImageOfPage\":{\"@id\":\"https:\/\/playeatlas.com\/playyourtown\/#primaryimage\"},\"image\":{\"@id\":\"https:\/\/playeatlas.com\/playyourtown\/#primaryimage\"},\"thumbnailUrl\":\"https:\/\/playeatlas.com\/wp-content\/uploads\/2024\/11\/PlayYourTown_Banner-eATLAS_Gameboard-scaled.jpg\",\"datePublished\":\"2024-10-24T21:37:01+00:00\",\"dateModified\":\"2025-11-12T22:03:35+00:00\",\"breadcrumb\":{\"@id\":\"https:\/\/playeatlas.com\/playyourtown\/#breadcrumb\"},\"inLanguage\":\"es\",\"potentialAction\":[{\"@type\":\"ReadAction\",\"target\":[\"https:\/\/playeatlas.com\/playyourtown\/\"]}]},{\"@type\":\"ImageObject\",\"inLanguage\":\"es\",\"@id\":\"https:\/\/playeatlas.com\/playyourtown\/#primaryimage\",\"url\":\"https:\/\/playeatlas.com\/wp-content\/uploads\/2024\/11\/PlayYourTown_Banner-eATLAS_Gameboard-scaled.jpg\",\"contentUrl\":\"https:\/\/playeatlas.com\/wp-content\/uploads\/2024\/11\/PlayYourTown_Banner-eATLAS_Gameboard-scaled.jpg\"},{\"@type\":\"BreadcrumbList\",\"@id\":\"https:\/\/playeatlas.com\/playyourtown\/#breadcrumb\",\"itemListElement\":[{\"@type\":\"ListItem\",\"position\":1,\"name\":\"Home\",\"item\":\"https:\/\/playeatlas.com\/\"},{\"@type\":\"ListItem\",\"position\":2,\"name\":\"PLAY!YourTown\"}]},{\"@type\":\"WebSite\",\"@id\":\"https:\/\/playeatlas.com\/#website\",\"url\":\"https:\/\/playeatlas.com\/\",\"name\":\"eAtlas\",\"description\":\"Tours on Your Terms\",\"potentialAction\":[{\"@type\":\"SearchAction\",\"target\":{\"@type\":\"EntryPoint\",\"urlTemplate\":\"https:\/\/playeatlas.com\/?s={search_term_string}\"},\"query-input\":{\"@type\":\"PropertyValueSpecification\",\"valueRequired\":true,\"valueName\":\"search_term_string\"}}],\"inLanguage\":\"es\"}]}<\/script>\n<!-- \/ Yoast SEO plugin. -->","yoast_head_json":{"title":"\u00a1JUEGA!TuCiudad - eAtlas","robots":{"index":"index","follow":"follow","max-snippet":"max-snippet:-1","max-image-preview":"max-image-preview:large","max-video-preview":"max-video-preview:-1"},"canonical":"https:\/\/playeatlas.com\/es\/juegatuciudad\/","og_locale":"es_MX","og_type":"article","og_title":"PLAY!YourTown - eAtlas","og_description":"Turn Your Town Square Into A Destination! Click to learn more Your town square is the gameboard! Players roll the dice and walk around the spaces, checking out business, landmarks, and local art. Learn how a town gained 500,000 visitors in a year! Local Business Engagement Social Media Integration Interactive Map Leaderboard Tracking Educational Content [&hellip;]","og_url":"https:\/\/playeatlas.com\/es\/juegatuciudad\/","og_site_name":"eAtlas","article_modified_time":"2025-11-12T22:03:35+00:00","og_image":[{"url":"https:\/\/playeatlas.com\/wp-content\/uploads\/2024\/11\/PlayYourTown_Banner-eATLAS_Gameboard-scaled.jpg","type":"","width":"","height":""}],"twitter_card":"summary_large_image","twitter_misc":{"Tiempo de lectura":"2 minutos"},"schema":{"@context":"https:\/\/schema.org","@graph":[{"@type":"WebPage","@id":"https:\/\/playeatlas.com\/playyourtown\/","url":"https:\/\/playeatlas.com\/playyourtown\/","name":"\u00a1JUEGA!TuCiudad - eAtlas","isPartOf":{"@id":"https:\/\/playeatlas.com\/#website"},"primaryImageOfPage":{"@id":"https:\/\/playeatlas.com\/playyourtown\/#primaryimage"},"image":{"@id":"https:\/\/playeatlas.com\/playyourtown\/#primaryimage"},"thumbnailUrl":"https:\/\/playeatlas.com\/wp-content\/uploads\/2024\/11\/PlayYourTown_Banner-eATLAS_Gameboard-scaled.jpg","datePublished":"2024-10-24T21:37:01+00:00","dateModified":"2025-11-12T22:03:35+00:00","breadcrumb":{"@id":"https:\/\/playeatlas.com\/playyourtown\/#breadcrumb"},"inLanguage":"es","potentialAction":[{"@type":"ReadAction","target":["https:\/\/playeatlas.com\/playyourtown\/"]}]},{"@type":"ImageObject","inLanguage":"es","@id":"https:\/\/playeatlas.com\/playyourtown\/#primaryimage","url":"https:\/\/playeatlas.com\/wp-content\/uploads\/2024\/11\/PlayYourTown_Banner-eATLAS_Gameboard-scaled.jpg","contentUrl":"https:\/\/playeatlas.com\/wp-content\/uploads\/2024\/11\/PlayYourTown_Banner-eATLAS_Gameboard-scaled.jpg"},{"@type":"BreadcrumbList","@id":"https:\/\/playeatlas.com\/playyourtown\/#breadcrumb","itemListElement":[{"@type":"ListItem","position":1,"name":"Home","item":"https:\/\/playeatlas.com\/"},{"@type":"ListItem","position":2,"name":"PLAY!YourTown"}]},{"@type":"WebSite","@id":"https:\/\/playeatlas.com\/#website","url":"https:\/\/playeatlas.com\/","name":"eAtlas","description":"Tours en sus t\u00e9rminos","potentialAction":[{"@type":"SearchAction","target":{"@type":"EntryPoint","urlTemplate":"https:\/\/playeatlas.com\/?s={search_term_string}"},"query-input":{"@type":"PropertyValueSpecification","valueRequired":true,"valueName":"search_term_string"}}],"inLanguage":"es"}]}},"_links":{"self":[{"href":"https:\/\/playeatlas.com\/es\/wp-json\/wp\/v2\/pages\/4514"}],"collection":[{"href":"https:\/\/playeatlas.com\/es\/wp-json\/wp\/v2\/pages"}],"about":[{"href":"https:\/\/playeatlas.com\/es\/wp-json\/wp\/v2\/types\/page"}],"author":[{"embeddable":true,"href":"https:\/\/playeatlas.com\/es\/wp-json\/wp\/v2\/users\/990017"}],"replies":[{"embeddable":true,"href":"https:\/\/playeatlas.com\/es\/wp-json\/wp\/v2\/comments?post=4514"}],"version-history":[{"count":218,"href":"https:\/\/playeatlas.com\/es\/wp-json\/wp\/v2\/pages\/4514\/revisions"}],"predecessor-version":[{"id":6138,"href":"https:\/\/playeatlas.com\/es\/wp-json\/wp\/v2\/pages\/4514\/revisions\/6138"}],"wp:attachment":[{"href":"https:\/\/playeatlas.com\/es\/wp-json\/wp\/v2\/media?parent=4514"}],"curies":[{"name":"gracias","href":"https:\/\/api.w.org\/{rel}","templated":true}]}}